{"id":273,"date":"2024-04-02T21:24:06","date_gmt":"2024-04-02T21:24:06","guid":{"rendered":"https:\/\/www.globexterra.ro\/?page_id=273"},"modified":"2024-05-29T18:27:36","modified_gmt":"2024-05-29T15:27:36","slug":"scanare-3d","status":"publish","type":"page","link":"https:\/\/www.globexterra.ro\/en\/scanare-3d\/","title":{"rendered":"3D Scanning"},"content":{"rendered":"\t\t<div data-elementor-type=\"wp-page\" data-elementor-id=\"273\" class=\"elementor elementor-273\" data-elementor-post-type=\"page\">\n\t\t\t\t<div class=\"elementor-element elementor-element-9d8d396 e-flex e-con-boxed e-con e-parent\" data-id=\"9d8d396\" data-element_type=\"container\" data-e-type=\"container\" data-settings=\"{&quot;background_background&quot;:&quot;classic&quot;}\">\n\t\t\t\t\t<div class=\"e-con-inner\">\n\t\t\t\t<div class=\"elementor-element elementor-element-1235ccb elementor-widget__width-initial animated-slow elementor-invisible elementor-widget elementor-widget-heading\" data-id=\"1235ccb\" data-element_type=\"widget\" data-e-type=\"widget\" data-settings=\"{&quot;_animation&quot;:&quot;fadeIn&quot;}\" data-widget_type=\"heading.default\">\n\t\t\t\t<div class=\"elementor-widget-container\">\n\t\t\t\t\t<h1 class=\"elementor-heading-title elementor-size-default\">Scanare 3D<\/h1>\t\t\t\t<\/div>\n\t\t\t\t<\/div>\n\t\t\t\t\t<\/div>\n\t\t\t\t<\/div>\n\t\t<div class=\"elementor-element elementor-element-9f681db e-flex e-con-boxed e-con e-parent\" data-id=\"9f681db\" data-element_type=\"container\" data-e-type=\"container\">\n\t\t\t\t\t<div class=\"e-con-inner\">\n\t\t<div class=\"elementor-element elementor-element-745b29e e-con-full e-flex e-con e-child\" data-id=\"745b29e\" data-element_type=\"container\" data-e-type=\"container\">\n\t\t\t\t<div class=\"elementor-element elementor-element-a436175 elementor-widget elementor-widget-text-editor\" data-id=\"a436175\" data-element_type=\"widget\" data-e-type=\"widget\" data-widget_type=\"text-editor.default\">\n\t\t\t\t<div class=\"elementor-widget-container\">\n\t\t\t\t\t\t\t\t\t<p>Serviciul de <strong>Scanare 3D<\/strong> oferit de <strong>Globexterra<\/strong> folose\u0219te cele mai avansate tehnologii \u00een domeniul construc\u021biilor \u0219i ingineriei. Echipamentele noastre colecteaz\u0103 cu eficien\u021b\u0103 si precizie milimetric\u0103 datele necesare proiect\u0103rii, analizei \u0219i implement\u0103rii proiectelor.<\/p>\t\t\t\t\t\t\t\t<\/div>\n\t\t\t\t<\/div>\n\t\t\t\t<div class=\"elementor-element elementor-element-c84d7f1 elementor-widget-divider--view-line elementor-widget elementor-widget-divider\" data-id=\"c84d7f1\" data-element_type=\"widget\" data-e-type=\"widget\" data-widget_type=\"divider.default\">\n\t\t\t\t<div class=\"elementor-widget-container\">\n\t\t\t\t\t\t\t<div class=\"elementor-divider\">\n\t\t\t<span class=\"elementor-divider-separator\">\n\t\t\t\t\t\t<\/span>\n\t\t<\/div>\n\t\t\t\t\t\t<\/div>\n\t\t\t\t<\/div>\n\t\t\t\t<\/div>\n\t\t<div class=\"elementor-element elementor-element-ec0fc4e e-con-full e-flex e-con e-child\" data-id=\"ec0fc4e\" data-element_type=\"container\" data-e-type=\"container\">\n\t\t<div class=\"elementor-element elementor-element-2b8e311 e-flex e-con-boxed e-con e-child\" data-id=\"2b8e311\" data-element_type=\"container\" data-e-type=\"container\">\n\t\t\t\t\t<div class=\"e-con-inner\">\n\t\t\t\t<div class=\"elementor-element elementor-element-3d91d37 elementor-widget elementor-widget-image\" data-id=\"3d91d37\" data-element_type=\"widget\" data-e-type=\"widget\" data-widget_type=\"image.default\">\n\t\t\t\t<div class=\"elementor-widget-container\">\n\t\t\t\t\t\t\t\t\t\t\t\t\t\t\t<img fetchpriority=\"high\" decoding=\"async\" width=\"1024\" height=\"683\" src=\"https:\/\/www.globexterra.ro\/wp-content\/uploads\/2024\/04\/Scanare-3d-1-1-1024x683.webp\" class=\"attachment-large size-large wp-image-421\" alt=\"\" srcset=\"https:\/\/www.globexterra.ro\/wp-content\/uploads\/2024\/04\/Scanare-3d-1-1-1024x683.webp 1024w, https:\/\/www.globexterra.ro\/wp-content\/uploads\/2024\/04\/Scanare-3d-1-1-300x200.webp 300w, https:\/\/www.globexterra.ro\/wp-content\/uploads\/2024\/04\/Scanare-3d-1-1-768x512.webp 768w, https:\/\/www.globexterra.ro\/wp-content\/uploads\/2024\/04\/Scanare-3d-1-1.webp 1096w\" sizes=\"(max-width: 1024px) 100vw, 1024px\" \/>\t\t\t\t\t\t\t\t\t\t\t\t\t\t\t<\/div>\n\t\t\t\t<\/div>\n\t\t\t\t\t<\/div>\n\t\t\t\t<\/div>\n\t\t<div class=\"elementor-element elementor-element-e523067 e-flex e-con-boxed e-con e-child\" data-id=\"e523067\" data-element_type=\"container\" data-e-type=\"container\">\n\t\t\t\t\t<div class=\"e-con-inner\">\n\t\t\t\t<div class=\"elementor-element elementor-element-de189fe elementor-widget elementor-widget-image\" data-id=\"de189fe\" data-element_type=\"widget\" data-e-type=\"widget\" data-widget_type=\"image.default\">\n\t\t\t\t<div class=\"elementor-widget-container\">\n\t\t\t\t\t\t\t\t\t\t\t\t\t\t\t<img decoding=\"async\" width=\"1000\" height=\"667\" src=\"https:\/\/www.globexterra.ro\/wp-content\/uploads\/2024\/04\/Scanare-3d-2.webp\" class=\"attachment-large size-large wp-image-420\" alt=\"\" srcset=\"https:\/\/www.globexterra.ro\/wp-content\/uploads\/2024\/04\/Scanare-3d-2.webp 1000w, https:\/\/www.globexterra.ro\/wp-content\/uploads\/2024\/04\/Scanare-3d-2-300x200.webp 300w, https:\/\/www.globexterra.ro\/wp-content\/uploads\/2024\/04\/Scanare-3d-2-768x512.webp 768w\" sizes=\"(max-width: 1000px) 100vw, 1000px\" \/>\t\t\t\t\t\t\t\t\t\t\t\t\t\t\t<\/div>\n\t\t\t\t<\/div>\n\t\t\t\t\t<\/div>\n\t\t\t\t<\/div>\n\t\t\t\t<\/div>\n\t\t\t\t\t<\/div>\n\t\t\t\t<\/div>\n\t\t<div class=\"elementor-element elementor-element-8398506 e-flex e-con-boxed e-con e-parent\" data-id=\"8398506\" data-element_type=\"container\" data-e-type=\"container\" data-settings=\"{&quot;background_background&quot;:&quot;classic&quot;}\">\n\t\t\t\t\t<div class=\"e-con-inner\">\n\t\t<div class=\"elementor-element elementor-element-bddcb8b e-con-full e-flex e-con e-child\" data-id=\"bddcb8b\" data-element_type=\"container\" data-e-type=\"container\">\n\t\t\t\t<div class=\"elementor-element elementor-element-62213cb elementor-invisible elementor-widget elementor-widget-heading\" data-id=\"62213cb\" data-element_type=\"widget\" data-e-type=\"widget\" data-settings=\"{&quot;_animation&quot;:&quot;fadeInLeft&quot;}\" data-widget_type=\"heading.default\">\n\t\t\t\t<div class=\"elementor-widget-container\">\n\t\t\t\t\t<h2 class=\"elementor-heading-title elementor-size-default\">Cum func\u021bioneaz\u0103?<\/h2>\t\t\t\t<\/div>\n\t\t\t\t<\/div>\n\t\t\t\t<div class=\"elementor-element elementor-element-3c14a9b elementor-widget-divider--view-line elementor-widget elementor-widget-divider\" data-id=\"3c14a9b\" data-element_type=\"widget\" data-e-type=\"widget\" data-widget_type=\"divider.default\">\n\t\t\t\t<div class=\"elementor-widget-container\">\n\t\t\t\t\t\t\t<div class=\"elementor-divider\">\n\t\t\t<span class=\"elementor-divider-separator\">\n\t\t\t\t\t\t<\/span>\n\t\t<\/div>\n\t\t\t\t\t\t<\/div>\n\t\t\t\t<\/div>\n\t\t\t\t<\/div>\n\t\t<div class=\"elementor-element elementor-element-6e4b116 e-con-full e-flex e-con e-child\" data-id=\"6e4b116\" data-element_type=\"container\" data-e-type=\"container\">\n\t\t\t\t<div class=\"elementor-element elementor-element-b5d3057 elementor-widget elementor-widget-text-editor\" data-id=\"b5d3057\" data-element_type=\"widget\" data-e-type=\"widget\" data-widget_type=\"text-editor.default\">\n\t\t\t\t<div class=\"elementor-widget-container\">\n\t\t\t\t\t\t\t\t\t<p><strong>Scanarea 3D<\/strong> utilizeaz\u0103 tehnologia laser pentru a m\u0103sura mii sau chiar milioane de puncte pe secund\u0103, gener\u00e2nd un \u201enor de puncte\u201d dens, care reprezint\u0103 digital forma \u0219i dimensiunile obiectivului scanat. Aceste date sunt ulterior prelucrate cu software specializat, oferind o baz\u0103 detaliat\u0103 pentru modelare \u00een CAD, BIM sau alte formate digitale.<\/p>\t\t\t\t\t\t\t\t<\/div>\n\t\t\t\t<\/div>\n\t\t\t\t<\/div>\n\t\t\t\t\t<\/div>\n\t\t\t\t<\/div>\n\t\t<div class=\"elementor-element elementor-element-71ca4a3 e-flex e-con-boxed e-con e-parent\" data-id=\"71ca4a3\" data-element_type=\"container\" data-e-type=\"container\">\n\t\t\t\t\t<div class=\"e-con-inner\">\n\t\t<div class=\"elementor-element elementor-element-e52b8a2 e-con-full e-flex e-con e-child\" data-id=\"e52b8a2\" data-element_type=\"container\" data-e-type=\"container\">\n\t\t\t\t<div class=\"elementor-element elementor-element-f15006c elementor-invisible elementor-widget elementor-widget-heading\" data-id=\"f15006c\" data-element_type=\"widget\" data-e-type=\"widget\" data-settings=\"{&quot;_animation&quot;:&quot;fadeInLeft&quot;}\" data-widget_type=\"heading.default\">\n\t\t\t\t<div class=\"elementor-widget-container\">\n\t\t\t\t\t<h2 class=\"elementor-heading-title elementor-size-default\">Aplica\u021bii vaste \u00een diverse sectoare<\/h2>\t\t\t\t<\/div>\n\t\t\t\t<\/div>\n\t\t\t\t<div class=\"elementor-element elementor-element-6af5ea4 elementor-widget-divider--view-line elementor-widget elementor-widget-divider\" data-id=\"6af5ea4\" data-element_type=\"widget\" data-e-type=\"widget\" data-widget_type=\"divider.default\">\n\t\t\t\t<div class=\"elementor-widget-container\">\n\t\t\t\t\t\t\t<div class=\"elementor-divider\">\n\t\t\t<span class=\"elementor-divider-separator\">\n\t\t\t\t\t\t<\/span>\n\t\t<\/div>\n\t\t\t\t\t\t<\/div>\n\t\t\t\t<\/div>\n\t\t\t\t<\/div>\n\t\t<div class=\"elementor-element elementor-element-3d19c05 e-con-full e-flex e-con e-child\" data-id=\"3d19c05\" data-element_type=\"container\" data-e-type=\"container\">\n\t\t\t\t<div class=\"elementor-element elementor-element-c645fe1 elementor-widget elementor-widget-text-editor\" data-id=\"c645fe1\" data-element_type=\"widget\" data-e-type=\"widget\" data-widget_type=\"text-editor.default\">\n\t\t\t\t<div class=\"elementor-widget-container\">\n\t\t\t\t\t\t\t\t\t<p class=\"p2\"><b>Imobiliar &amp; Construc\u021bii:\u00a0<\/b>De la cl\u0103diri reziden\u021biale la complexe industriale, scanarea 3D ofer\u0103 o imagine complet\u0103 \u0219i exact\u0103 a structurilor, facilit\u00e2nd analiza detaliat\u0103 a acestora pentru arhitec\u021bi, ingineri \u0219i speciali\u0219ti \u00een restaurare.<\/p><p class=\"p2\"><b>Infrastructur\u0103 &amp; Transporturi:\u00a0<\/b>\u00cen sectorul transporturilor, de la drumuri \u0219i autostr\u0103zi la poduri \u0219i tuneluri, scanarea 3D accelereaz\u0103 procesul decizional prin precizia \u0219i densitatea datelor colectate.<\/p><p class=\"p2\"><b>Energie &amp; Petrochimie:\u00a0<\/b>Pentru documenta\u021bia As-Built \u0219i proiectarea instala\u021biilor noi, scanarea 3D ofer\u0103 o metod\u0103 eficient\u0103 \u0219i sigur\u0103 de a captura complexitatea \u0219i detaliile obiectivelor, cu posibilitatea de scanare la distan\u021b\u0103 pentru siguran\u021ba maxim\u0103.<\/p>\t\t\t\t\t\t\t\t<\/div>\n\t\t\t\t<\/div>\n\t\t\t\t<\/div>\n\t\t\t\t\t<\/div>\n\t\t\t\t<\/div>\n\t\t<div class=\"elementor-element elementor-element-dd658ee e-flex e-con-boxed e-con e-parent\" data-id=\"dd658ee\" data-element_type=\"container\" data-e-type=\"container\" data-settings=\"{&quot;background_background&quot;:&quot;classic&quot;}\">\n\t\t\t\t\t<div class=\"e-con-inner\">\n\t\t<div class=\"elementor-element elementor-element-db1831c e-con-full e-flex e-con e-child\" data-id=\"db1831c\" data-element_type=\"container\" data-e-type=\"container\">\n\t\t\t\t<div class=\"elementor-element elementor-element-9303fb2 elementor-invisible elementor-widget elementor-widget-heading\" data-id=\"9303fb2\" data-element_type=\"widget\" data-e-type=\"widget\" data-settings=\"{&quot;_animation&quot;:&quot;fadeInLeft&quot;}\" data-widget_type=\"heading.default\">\n\t\t\t\t<div class=\"elementor-widget-container\">\n\t\t\t\t\t<h2 class=\"elementor-heading-title elementor-size-default\">Beneficiile scan\u0103rii 3D<\/h2>\t\t\t\t<\/div>\n\t\t\t\t<\/div>\n\t\t\t\t<div class=\"elementor-element elementor-element-6fb5104 elementor-widget-divider--view-line elementor-widget elementor-widget-divider\" data-id=\"6fb5104\" data-element_type=\"widget\" data-e-type=\"widget\" data-widget_type=\"divider.default\">\n\t\t\t\t<div class=\"elementor-widget-container\">\n\t\t\t\t\t\t\t<div class=\"elementor-divider\">\n\t\t\t<span class=\"elementor-divider-separator\">\n\t\t\t\t\t\t<\/span>\n\t\t<\/div>\n\t\t\t\t\t\t<\/div>\n\t\t\t\t<\/div>\n\t\t\t\t<\/div>\n\t\t<div class=\"elementor-element elementor-element-0c0587e e-con-full e-flex e-con e-child\" data-id=\"0c0587e\" data-element_type=\"container\" data-e-type=\"container\">\n\t\t\t\t<div class=\"elementor-element elementor-element-ae52a79 elementor-widget-mobile__width-inherit elementor-widget elementor-widget-text-editor\" data-id=\"ae52a79\" data-element_type=\"widget\" data-e-type=\"widget\" data-widget_type=\"text-editor.default\">\n\t\t\t\t<div class=\"elementor-widget-container\">\n\t\t\t\t\t\t\t\t\t<p class=\"p2\"><b>Accesibilitate &amp; Flexibilitate:\u00a0<\/b>Colectarea datelor poate fi realizat\u0103 ziua sau noaptea, \u00een interior sau exterior, iar informa\u021biile pot fi accesate oric\u00e2nd ulterior, f\u0103r\u0103 necesitatea unei noi vizite \u00een teren.<\/p><p class=\"p2\"><b>Eficien\u021b\u0103 &amp; Precizie:\u00a0<\/b>Viteza \u0219i acurate\u021bea m\u0103sur\u0103torilor reduc timpul de colectare a datelor, asigur\u00e2nd \u00een acela\u0219i timp o precizie milimetric\u0103.<\/p><p class=\"p2\"><b>Siguran\u021b\u0103:\u00a0<\/b>Posibilitatea de scanare la distan\u021b\u0103 minimizeaz\u0103 riscurile \u00een zonele periculoase sau greu accesibile.<\/p>\t\t\t\t\t\t\t\t<\/div>\n\t\t\t\t<\/div>\n\t\t\t\t<\/div>\n\t\t\t\t\t<\/div>\n\t\t\t\t<\/div>\n\t\t<div class=\"elementor-element elementor-element-48c08fb e-flex e-con-boxed e-con e-parent\" data-id=\"48c08fb\" data-element_type=\"container\" data-e-type=\"container\" data-settings=\"{&quot;background_background&quot;:&quot;classic&quot;}\">\n\t\t\t\t\t<div class=\"e-con-inner\">\n\t\t\t\t<div class=\"elementor-element elementor-element-5989fc3 elementor-invisible elementor-widget elementor-widget-heading\" data-id=\"5989fc3\" data-element_type=\"widget\" data-e-type=\"widget\" data-settings=\"{&quot;_animation&quot;:&quot;fadeIn&quot;}\" data-widget_type=\"heading.default\">\n\t\t\t\t<div class=\"elementor-widget-container\">\n\t\t\t\t\t<h2 class=\"elementor-heading-title elementor-size-default\">Hai s\u0103 discut\u0103m despre proiectul t\u0103u!<\/h2>\t\t\t\t<\/div>\n\t\t\t\t<\/div>\n\t\t\t\t<div class=\"elementor-element elementor-element-f8d4628 elementor-widget__width-initial elementor-widget-mobile__width-inherit elementor-invisible elementor-widget elementor-widget-text-editor\" data-id=\"f8d4628\" data-element_type=\"widget\" data-e-type=\"widget\" data-settings=\"{&quot;_animation&quot;:&quot;fadeIn&quot;}\" data-widget_type=\"text-editor.default\">\n\t\t\t\t<div class=\"elementor-widget-container\">\n\t\t\t\t\t\t\t\t\t<p>Echipa Globexterra este preg\u0103tit\u0103 s\u0103 \u00ee\u021bi ofere consultan\u021b\u0103 \u0219i sprijin \u00een realizarea proiectelor tale. Contacteaz\u0103-ne pentru a a<span class=\"s1\">fl<\/span>a mai multe despre cum te putem ajuta s\u0103 \u00ee\u021bi atingi obiectivele.<\/p>\t\t\t\t\t\t\t\t<\/div>\n\t\t\t\t<\/div>\n\t\t\t\t\t<\/div>\n\t\t\t\t<\/div>\n\t\t<div class=\"elementor-element elementor-element-5b8b9b5 e-flex e-con-boxed e-con e-parent\" data-id=\"5b8b9b5\" data-element_type=\"container\" data-e-type=\"container\" data-settings=\"{&quot;background_background&quot;:&quot;classic&quot;}\">\n\t\t\t\t\t<div class=\"e-con-inner\">\n\t\t<div class=\"elementor-element elementor-element-f28e336 e-con-full e-flex e-con e-child\" data-id=\"f28e336\" data-element_type=\"container\" data-e-type=\"container\">\n\t\t\t\t<div class=\"elementor-element elementor-element-f98119e elementor-invisible elementor-widget elementor-widget-heading\" data-id=\"f98119e\" data-element_type=\"widget\" data-e-type=\"widget\" data-settings=\"{&quot;_animation&quot;:&quot;fadeInLeft&quot;}\" data-widget_type=\"heading.default\">\n\t\t\t\t<div class=\"elementor-widget-container\">\n\t\t\t\t\t<h2 class=\"elementor-heading-title elementor-size-default\">Contact<\/h2>\t\t\t\t<\/div>\n\t\t\t\t<\/div>\n\t\t\t\t<div class=\"elementor-element elementor-element-9815fa9 elementor-widget-divider--view-line elementor-widget elementor-widget-divider\" data-id=\"9815fa9\" data-element_type=\"widget\" data-e-type=\"widget\" data-widget_type=\"divider.default\">\n\t\t\t\t<div class=\"elementor-widget-container\">\n\t\t\t\t\t\t\t<div class=\"elementor-divider\">\n\t\t\t<span class=\"elementor-divider-separator\">\n\t\t\t\t\t\t<\/span>\n\t\t<\/div>\n\t\t\t\t\t\t<\/div>\n\t\t\t\t<\/div>\n\t\t\t\t<div class=\"elementor-element elementor-element-d1cdcef elementor-invisible elementor-widget elementor-widget-text-editor\" data-id=\"d1cdcef\" data-element_type=\"widget\" data-e-type=\"widget\" data-settings=\"{&quot;_animation&quot;:&quot;fadeInLeft&quot;,&quot;_animation_delay&quot;:200}\" data-widget_type=\"text-editor.default\">\n\t\t\t\t<div class=\"elementor-widget-container\">\n\t\t\t\t\t\t\t\t\t<p>\u00cen cei 13 ani de activitate, compania noastr\u0103 a dezvoltat un portofoliu de peste 350 de proiecte. Dore\u0219ti s\u0103 ob\u021bii referin\u021be cu privire la proiectele noastre? Te rug\u0103m s\u0103 completezi formularul de contact de mai jos \u0219i \u00ee\u021bi vom pune la dispozi\u021bie detaliile solicitate.<\/p>\t\t\t\t\t\t\t\t<\/div>\n\t\t\t\t<\/div>\n\t\t\t\t<\/div>\n\t\t<div class=\"elementor-element elementor-element-88ccddf e-con-full e-flex e-con e-child\" data-id=\"88ccddf\" data-element_type=\"container\" data-e-type=\"container\">\n\t\t\t\t<div class=\"elementor-element elementor-element-6a6ac63 elementor-widget__width-initial elementor-button-align-stretch elementor-invisible elementor-widget elementor-widget-form\" data-id=\"6a6ac63\" data-element_type=\"widget\" data-e-type=\"widget\" data-settings=\"{&quot;step_next_label&quot;:&quot;Next&quot;,&quot;step_previous_label&quot;:&quot;Previous&quot;,&quot;_animation&quot;:&quot;fadeIn&quot;,&quot;button_width&quot;:&quot;100&quot;,&quot;step_type&quot;:&quot;number_text&quot;,&quot;step_icon_shape&quot;:&quot;circle&quot;}\" data-widget_type=\"form.default\">\n\t\t\t\t<div class=\"elementor-widget-container\">\n\t\t\t\t\t\t\t<form class=\"elementor-form\" method=\"post\" name=\"New Form\" aria-label=\"New Form\">\n\t\t\t<input type=\"hidden\" name=\"post_id\" value=\"273\"\/>\n\t\t\t<input type=\"hidden\" name=\"form_id\" value=\"6a6ac63\"\/>\n\t\t\t<input type=\"hidden\" name=\"referer_title\" value=\"\" \/>\n\n\t\t\t\n\t\t\t<div class=\"elementor-form-fields-wrapper elementor-labels-\">\n\t\t\t\t\t\t\t\t<div class=\"elementor-field-type-text elementor-field-group elementor-column elementor-field-group-name elementor-col-100\">\n\t\t\t\t\t\t\t\t\t\t\t\t<label for=\"form-field-name\" class=\"elementor-field-label elementor-screen-only\">\n\t\t\t\t\t\t\t\tNume\t\t\t\t\t\t\t<\/label>\n\t\t\t\t\t\t\t\t\t\t\t\t\t\t<input size=\"1\" type=\"text\" name=\"form_fields[name]\" id=\"form-field-name\" class=\"elementor-field elementor-size-sm  elementor-field-textual\" placeholder=\"Nume\">\n\t\t\t\t\t\t\t\t\t\t\t<\/div>\n\t\t\t\t\t\t\t\t<div class=\"elementor-field-type-email elementor-field-group elementor-column elementor-field-group-email elementor-col-100 elementor-field-required\">\n\t\t\t\t\t\t\t\t\t\t\t\t<label for=\"form-field-email\" class=\"elementor-field-label elementor-screen-only\">\n\t\t\t\t\t\t\t\tEmail\t\t\t\t\t\t\t<\/label>\n\t\t\t\t\t\t\t\t\t\t\t\t\t\t<input size=\"1\" type=\"email\" name=\"form_fields[email]\" id=\"form-field-email\" class=\"elementor-field elementor-size-sm  elementor-field-textual\" placeholder=\"Email\" required=\"required\">\n\t\t\t\t\t\t\t\t\t\t\t<\/div>\n\t\t\t\t\t\t\t\t<div class=\"elementor-field-type-tel elementor-field-group elementor-column elementor-field-group-field_b61e57c elementor-col-100\">\n\t\t\t\t\t\t\t\t\t\t\t\t<label for=\"form-field-field_b61e57c\" class=\"elementor-field-label elementor-screen-only\">\n\t\t\t\t\t\t\t\tTelefon\t\t\t\t\t\t\t<\/label>\n\t\t\t\t\t\t\t\t<input size=\"1\" type=\"tel\" name=\"form_fields[field_b61e57c]\" id=\"form-field-field_b61e57c\" class=\"elementor-field elementor-size-sm  elementor-field-textual\" placeholder=\"Telefon\" pattern=\"[0-9()#&amp;+*-=.]+\" title=\"Only numbers and phone characters (#, -, *, etc) are accepted.\">\n\n\t\t\t\t\t\t<\/div>\n\t\t\t\t\t\t\t\t<div class=\"elementor-field-type-textarea elementor-field-group elementor-column elementor-field-group-message elementor-col-100\">\n\t\t\t\t\t\t\t\t\t\t\t\t<label for=\"form-field-message\" class=\"elementor-field-label elementor-screen-only\">\n\t\t\t\t\t\t\t\tMesaj\t\t\t\t\t\t\t<\/label>\n\t\t\t\t\t\t<textarea class=\"elementor-field-textual elementor-field  elementor-size-sm\" name=\"form_fields[message]\" id=\"form-field-message\" rows=\"4\" placeholder=\"Mesaj\"><\/textarea>\t\t\t\t<\/div>\n\t\t\t\t\t\t\t\t<div class=\"elementor-field-type-recaptcha_v3 elementor-field-group elementor-column elementor-field-group-field_431ed1d elementor-col-100 recaptcha_v3-inline\">\n\t\t\t\t\t<div class=\"elementor-field\" id=\"form-field-field_431ed1d\"><div class=\"elementor-g-recaptcha\" data-sitekey=\"6LdAluopAAAAAD9GN9JCKaHTYucx2R9q8tbHsmUn\" data-type=\"v3\" data-action=\"Form\" data-badge=\"inline\" data-size=\"invisible\"><\/div><\/div>\t\t\t\t<\/div>\n\t\t\t\t\t\t\t\t<div class=\"elementor-field-group elementor-column elementor-field-type-submit elementor-col-100 e-form__buttons\">\n\t\t\t\t\t<button class=\"elementor-button elementor-size-sm\" type=\"submit\">\n\t\t\t\t\t\t<span class=\"elementor-button-content-wrapper\">\n\t\t\t\t\t\t\t\t\t\t\t\t\t\t\t\t\t\t\t\t\t\t<span class=\"elementor-button-text\">Trimite<\/span>\n\t\t\t\t\t\t\t\t\t\t\t\t\t<\/span>\n\t\t\t\t\t<\/button>\n\t\t\t\t<\/div>\n\t\t\t<\/div>\n\t\t<\/form>\n\t\t\t\t\t\t<\/div>\n\t\t\t\t<\/div>\n\t\t\t\t<\/div>\n\t\t\t\t\t<\/div>\n\t\t\t\t<\/div>\n\t\t\t\t<\/div>\n\t\t","protected":false},"excerpt":{"rendered":"<p>Scanare 3D Serviciul de Scanare 3D oferit de Globexterra folose\u0219te cele mai avansate tehnologii \u00een domeniul construc\u021biilor \u0219i ingineriei. Echipamentele noastre colecteaz\u0103 cu eficien\u021b\u0103 si precizie milimetric\u0103 datele necesare proiect\u0103rii, analizei \u0219i implement\u0103rii proiectelor. Cum func\u021bioneaz\u0103? Scanarea 3D utilizeaz\u0103 tehnologia laser pentru a m\u0103sura mii sau chiar milioane de puncte pe secund\u0103, gener\u00e2nd un \u201enor [&hellip;]<\/p>\n","protected":false},"author":1,"featured_media":0,"parent":0,"menu_order":0,"comment_status":"closed","ping_status":"closed","template":"","meta":{"footnotes":""},"class_list":["post-273","page","type-page","status-publish","hentry"],"blocksy_meta":[],"_links":{"self":[{"href":"https:\/\/www.globexterra.ro\/en\/wp-json\/wp\/v2\/pages\/273","targetHints":{"allow":["GET"]}}],"collection":[{"href":"https:\/\/www.globexterra.ro\/en\/wp-json\/wp\/v2\/pages"}],"about":[{"href":"https:\/\/www.globexterra.ro\/en\/wp-json\/wp\/v2\/types\/page"}],"author":[{"embeddable":true,"href":"https:\/\/www.globexterra.ro\/en\/wp-json\/wp\/v2\/users\/1"}],"replies":[{"embeddable":true,"href":"https:\/\/www.globexterra.ro\/en\/wp-json\/wp\/v2\/comments?post=273"}],"version-history":[{"count":7,"href":"https:\/\/www.globexterra.ro\/en\/wp-json\/wp\/v2\/pages\/273\/revisions"}],"predecessor-version":[{"id":1277,"href":"https:\/\/www.globexterra.ro\/en\/wp-json\/wp\/v2\/pages\/273\/revisions\/1277"}],"wp:attachment":[{"href":"https:\/\/www.globexterra.ro\/en\/wp-json\/wp\/v2\/media?parent=273"}],"curies":[{"name":"wp","href":"https:\/\/api.w.org\/{rel}","templated":true}]}}