{"id":823,"date":"2024-04-09T15:50:16","date_gmt":"2024-04-09T15:50:16","guid":{"rendered":"https:\/\/www.globexterra.ro\/?page_id=823"},"modified":"2024-04-24T23:52:03","modified_gmt":"2024-04-24T20:52:03","slug":"proiecte-industriale","status":"publish","type":"page","link":"https:\/\/www.globexterra.ro\/en\/proiecte-industriale\/","title":{"rendered":"Industrial projects"},"content":{"rendered":"<div data-elementor-type=\"wp-page\" data-elementor-id=\"823\" class=\"elementor elementor-823\" data-elementor-post-type=\"page\">\n\t\t\t\t<div class=\"elementor-element elementor-element-9d8d396 e-flex e-con-boxed e-con e-parent\" data-id=\"9d8d396\" data-element_type=\"container\" data-settings=\"{&quot;background_background&quot;:&quot;classic&quot;}\">\n\t\t\t\t\t<div class=\"e-con-inner\">\n\t\t\t\t<div class=\"elementor-element elementor-element-1235ccb elementor-widget__width-initial animated-slow elementor-invisible elementor-widget elementor-widget-heading\" data-id=\"1235ccb\" data-element_type=\"widget\" data-settings=\"{&quot;_animation&quot;:&quot;fadeIn&quot;}\" data-widget_type=\"heading.default\">\n\t\t\t\t<div class=\"elementor-widget-container\">\n\t\t\t\t\t<h1 class=\"elementor-heading-title elementor-size-default\">Industrial projects<\/h1>\t\t\t\t<\/div>\n\t\t\t\t<\/div>\n\t\t\t\t\t<\/div>\n\t\t\t\t<\/div>\n\t\t<div class=\"elementor-element elementor-element-379e5d1 e-flex e-con-boxed e-con e-parent\" data-id=\"379e5d1\" data-element_type=\"container\">\n\t\t\t\t\t<div class=\"e-con-inner\">\n\t\t<div class=\"elementor-element elementor-element-67b0ab2 e-con-full e-flex e-con e-child\" data-id=\"67b0ab2\" data-element_type=\"container\">\n\t\t\t\t<div class=\"elementor-element elementor-element-e019c94 elementor-widget__width-initial elementor-widget elementor-widget-image\" data-id=\"e019c94\" data-element_type=\"widget\" data-widget_type=\"image.default\">\n\t\t\t\t<div class=\"elementor-widget-container\">\n\t\t\t\t\t\t\t\t\t\t\t\t\t\t\t<img fetchpriority=\"high\" decoding=\"async\" width=\"1000\" height=\"341\" src=\"https:\/\/www.globexterra.ro\/wp-content\/uploads\/2024\/03\/logoglob2000px.webp\" class=\"attachment-large size-large wp-image-16\" alt=\"\" srcset=\"https:\/\/www.globexterra.ro\/wp-content\/uploads\/2024\/03\/logoglob2000px.webp 1000w, https:\/\/www.globexterra.ro\/wp-content\/uploads\/2024\/03\/logoglob2000px-300x102.webp 300w, https:\/\/www.globexterra.ro\/wp-content\/uploads\/2024\/03\/logoglob2000px-768x262.webp 768w\" sizes=\"(max-width: 1000px) 100vw, 1000px\" \/>\t\t\t\t\t\t\t\t\t\t\t\t\t\t\t<\/div>\n\t\t\t\t<\/div>\n\t\t\t\t<\/div>\n\t\t<div class=\"elementor-element elementor-element-6004466 e-con-full e-flex e-con e-child\" data-id=\"6004466\" data-element_type=\"container\">\n\t\t\t\t<div class=\"elementor-element elementor-element-d1cdcef elementor-widget elementor-widget-text-editor\" data-id=\"d1cdcef\" data-element_type=\"widget\" data-widget_type=\"text-editor.default\">\n\t\t\t\t<div class=\"elementor-widget-container\">\n\t\t\t\t\t\t\t\t\t<p>If you aim at the construction of industrial halls or logistics platforms, regardless of the size of the project, Globexterra is the ideal partner, offering a full range of services, from finding the land to the architectural concept. We provide our partners with dedicated teams of professionals specialized in all the necessary specialist fields (architecture, structure, installations, energy audit, technical expertise, topography, project management and real estate consultancy).<\/p><p>After the construction is completed, the best real estate agents, members of the Remax Klass team help you to make the most of your investment by selling or renting buildings.<\/p>\t\t\t\t\t\t\t\t<\/div>\n\t\t\t\t<\/div>\n\t\t\t\t<\/div>\n\t\t<div class=\"elementor-element elementor-element-2891585 e-con-full e-flex e-con e-child\" data-id=\"2891585\" data-element_type=\"container\">\n\t\t\t\t<div class=\"elementor-element elementor-element-7ba96df elementor-widget__width-initial elementor-widget elementor-widget-image\" data-id=\"7ba96df\" data-element_type=\"widget\" data-widget_type=\"image.default\">\n\t\t\t\t<div class=\"elementor-widget-container\">\n\t\t\t\t\t\t\t\t\t\t\t\t\t\t\t<img decoding=\"async\" width=\"1000\" height=\"311\" src=\"https:\/\/www.globexterra.ro\/wp-content\/uploads\/2024\/04\/Remax-Logo@2x.webp\" class=\"attachment-large size-large wp-image-814\" alt=\"\" srcset=\"https:\/\/www.globexterra.ro\/wp-content\/uploads\/2024\/04\/Remax-Logo@2x.webp 1000w, https:\/\/www.globexterra.ro\/wp-content\/uploads\/2024\/04\/Remax-Logo@2x-300x93.webp 300w, https:\/\/www.globexterra.ro\/wp-content\/uploads\/2024\/04\/Remax-Logo@2x-768x239.webp 768w\" sizes=\"(max-width: 1000px) 100vw, 1000px\" \/>\t\t\t\t\t\t\t\t\t\t\t\t\t\t\t<\/div>\n\t\t\t\t<\/div>\n\t\t\t\t<\/div>\n\t\t\t\t\t<\/div>\n\t\t\t\t<\/div>\n\t\t\t\t<\/div>","protected":false},"excerpt":{"rendered":"<p>Dac\u0103 vizezi construc\u021bia de hale industriale sau platforme logistice, indiferent de dimensiunea proiectului, Globexterra este partenerul ideal, oferind o gam\u0103 complet\u0103 de servicii, de la g\u0103sirea terenului, p\u00e2n\u0103 la conceptul arhitectural. Asigur\u0103m partenerilor no\u0219tri echipe dedicate de profesioni\u0219ti specializate \u00een toate domeniile de specialitate necesare (arhitectur\u0103, structur\u0103, instala\u021bii, audit energetic, expertiz\u0103 tehnic\u0103, topometrie, management de [&hellip;]<\/p>","protected":false},"author":1,"featured_media":0,"parent":0,"menu_order":0,"comment_status":"closed","ping_status":"closed","template":"","meta":{"footnotes":""},"class_list":["post-823","page","type-page","status-publish","hentry"],"blocksy_meta":[],"_links":{"self":[{"href":"https:\/\/www.globexterra.ro\/en\/wp-json\/wp\/v2\/pages\/823","targetHints":{"allow":["GET"]}}],"collection":[{"href":"https:\/\/www.globexterra.ro\/en\/wp-json\/wp\/v2\/pages"}],"about":[{"href":"https:\/\/www.globexterra.ro\/en\/wp-json\/wp\/v2\/types\/page"}],"author":[{"embeddable":true,"href":"https:\/\/www.globexterra.ro\/en\/wp-json\/wp\/v2\/users\/1"}],"replies":[{"embeddable":true,"href":"https:\/\/www.globexterra.ro\/en\/wp-json\/wp\/v2\/comments?post=823"}],"version-history":[{"count":4,"href":"https:\/\/www.globexterra.ro\/en\/wp-json\/wp\/v2\/pages\/823\/revisions"}],"predecessor-version":[{"id":1213,"href":"https:\/\/www.globexterra.ro\/en\/wp-json\/wp\/v2\/pages\/823\/revisions\/1213"}],"wp:attachment":[{"href":"https:\/\/www.globexterra.ro\/en\/wp-json\/wp\/v2\/media?parent=823"}],"curies":[{"name":"wp","href":"https:\/\/api.w.org\/{rel}","templated":true}]}}